{"id":5,"date":"2021-08-26T22:43:07","date_gmt":"2021-08-26T20:43:07","guid":{"rendered":"http:\/\/vps-e888445d.vps.ovh.net\/wordpress\/?page_id=5"},"modified":"2026-01-20T17:56:49","modified_gmt":"2026-01-20T16:56:49","slug":"accueil","status":"publish","type":"page","link":"https:\/\/www.goutatou.fr\/","title":{"rendered":"Pr\u00e9sentation"},"content":{"rendered":"\n<p>Bonjour,<\/p>\n\n\n\n<p>Bienvenue sur le site internet du Goutatou.<\/p>\n\n\n\n<p><em><strong>Le Goutatou souhaite offrir un lieu agr\u00e9able de rencontres et de d\u00e9couvertes pour les enfants.<\/strong><\/em><\/p>\n\n\n\n<p><em><strong>Les principaux objectifs de notre structure se r\u00e9sument ainsi :<\/strong><\/em><\/p>\n\n\n\n<ul><li><em><strong>Eveiller les esprits,<\/strong><\/em><\/li><li><em><strong>Renforcer la solidarit\u00e9,<\/strong><\/em><\/li><li><em><strong>Favoriser les liens interg\u00e9n\u00e9rationnels,<\/strong><\/em><\/li><\/ul>\n\n\n\n<p><em><strong>Cette volont\u00e9 recouvre une dimension individuelle et collective.<\/strong><\/em><\/p>\n\n\n\n<p><em><strong>Au niveau individuel, il s\u2019agit de favoriser la d\u00e9couverte de soi, de son image, de son potentiel. L\u2019acte \u00e9ducatif consiste \u00e0 susciter la curiosit\u00e9, \u00e0 encourager l\u2019envie d\u2019aller vers l\u2019autre et \u00e0 s\u2019ins\u00e9rer dans un groupe.<\/strong><\/em><\/p>\n\n\n\n<p><em><strong>Au niveau collectif, il s\u2019agit de stimuler la solidarit\u00e9, l\u2019entre-aide et l\u2019implication au service des autres.<\/strong><\/em><\/p>\n\n\n\n<p><em><strong>Toutes les activit\u00e9s propos\u00e9es visent \u00e0 faire grandir l\u2019enfant dans deux dimensions : sur le plan personnel mais aussi dans ses liens avec les autres, comme membre de la collectivit\u00e9 ou comme futur citoyen. Par exemple, une pratique artistique peut, selon les cas, constituer une exp\u00e9rience de cr\u00e9ation individuelle et une occasion de renouer avec le groupe, de s\u2019investir au service d\u2019un projet collectif comme individuel.<\/strong><\/em><\/p>\n\n\n\n<p>Sur ce site,&nbsp; vous retrouverez toutes les informations concernant les diff\u00e9rents projets,activit\u00e9s, feuilles de r\u00e9servations, menus\u2026(onglet \u00ab&nbsp;accueil&nbsp;\u00bb)<\/p>\n\n\n\n<p>Vous retrouverez \u00e9galement le dossier d\u2019inscription 2025\/2026 ainsi que le r\u00e8glement int\u00e9rieur de la structure, horaires et tarifs (onglet \u00ab&nbsp;dossiers d\u2019inscription )<\/p>\n\n\n\n<p>Pour effectuer les <strong>r\u00e9servations<\/strong> de vos enfants, vous pouvez le faire sur le <strong>portail Connecthys<\/strong> via le lien suivant :&nbsp;<a href=\"http:\/\/web.archive.org\/web\/20210505173111\/https:\/\/enligne.goutatou.fr\/\">https:\/\/enligne.goutatou.fr\/<\/a><\/p>\n\n\n\n<p><span class=\"has-inline-color has-vivid-red-color\"><strong>Pour toute information compl\u00e9mentaire :<\/strong><\/span><\/p>\n\n\n\n<p><strong>Tel<\/strong> : 03.26.05.87.25<\/p>\n\n\n\n<p><\/p>\n\n\n\n<p><\/p>\n\n\n\n<p><strong>Facebook<\/strong> :\u00a0 \u00a0<a href=\"https:\/\/www.facebook.com\/acm.goutatou#\">https:\/\/www.facebook.com\/acm.goutatou#<\/a><\/p>\n\n\n\n<p><strong>illiwap<\/strong> : <a href=\"https:\/\/station.illiwap.com\/fr\/public\/goutatou_51422-goutatou\" data-type=\"URL\" data-id=\"https:\/\/station.illiwap.com\/fr\/public\/goutatou_51422-goutatou\">https:\/\/station.illiwap.com\/fr\/public\/goutatou_51422-goutatou<\/a><\/p>\n\n\n\n<figure class=\"wp-block-image size-full\"><img loading=\"lazy\" width=\"600\" height=\"156\" src=\"https:\/\/www.goutatou.fr\/wp-content\/uploads\/2021\/08\/bandeau_mail-1.jpg\" alt=\"\" class=\"wp-image-86\"\/><\/figure>\n","protected":false},"excerpt":{"rendered":"<p>Bonjour, Bienvenue sur le site internet du Goutatou. Le Goutatou souhaite offrir un lieu agr\u00e9able de rencontres et de d\u00e9couvertes pour les enfants. Les principaux objectifs de notre structure se r\u00e9sument ainsi : Eveiller les esprits, Renforcer la solidarit\u00e9, Favoriser<\/p>\n","protected":false},"author":1,"featured_media":0,"parent":0,"menu_order":0,"comment_status":"closed","ping_status":"closed","template":"","meta":[],"_links":{"self":[{"href":"https:\/\/www.goutatou.fr\/index.php\/wp-json\/wp\/v2\/pages\/5"}],"collection":[{"href":"https:\/\/www.goutatou.fr\/index.php\/wp-json\/wp\/v2\/pages"}],"about":[{"href":"https:\/\/www.goutatou.fr\/index.php\/wp-json\/wp\/v2\/types\/page"}],"author":[{"embeddable":true,"href":"https:\/\/www.goutatou.fr\/index.php\/wp-json\/wp\/v2\/users\/1"}],"replies":[{"embeddable":true,"href":"https:\/\/www.goutatou.fr\/index.php\/wp-json\/wp\/v2\/comments?post=5"}],"version-history":[{"count":32,"href":"https:\/\/www.goutatou.fr\/index.php\/wp-json\/wp\/v2\/pages\/5\/revisions"}],"predecessor-version":[{"id":1311,"href":"https:\/\/www.goutatou.fr\/index.php\/wp-json\/wp\/v2\/pages\/5\/revisions\/1311"}],"wp:attachment":[{"href":"https:\/\/www.goutatou.fr\/index.php\/wp-json\/wp\/v2\/media?parent=5"}],"curies":[{"name":"wp","href":"https:\/\/api.w.org\/{rel}","templated":true}]}}