{"id":6,"date":"2021-08-26T22:43:07","date_gmt":"2021-08-26T20:43:07","guid":{"rendered":"http:\/\/vps-e888445d.vps.ovh.net\/wordpress\/?page_id=6"},"modified":"2026-01-15T16:08:32","modified_gmt":"2026-01-15T15:08:32","slug":"dossier-inscription","status":"publish","type":"page","link":"https:\/\/www.goutatou.fr\/index.php\/dossier-inscription\/","title":{"rendered":"Dossier d&rsquo;inscription"},"content":{"rendered":"\n<p>Chers parents,<\/p>\n\n\n\n<p>Le dossier d\u2019inscription pour l\u2019ann\u00e9e scolaire 2025-2026 est disponible :<\/p>\n\n\n\n<p>Il est \u00e9galement disponible sur place ou bien <strong><u>par mail sur demande<\/u><\/strong>.<\/p>\n\n\n\n<p><strong><em><span class=\"has-inline-color has-vivid-red-color\">Attention : les documents pris en photo ne seront plus accept\u00e9s<\/span><\/em><\/strong><\/p>\n\n\n\n<p>Tous les \u00e9l\u00e9ments du dossier d&rsquo;inscription doivent \u00eatre compl\u00e9t\u00e9s et sign\u00e9s  pour tous les enfants amen\u00e9s \u00e0 fr\u00e9quenter nos diff\u00e9rents accueils pour l&rsquo;ann\u00e9e 2025-2026 <\/p>\n\n\n\n<p>Pour les documents pdf il est possible via \u00ab\u00a0adobe\u00a0\u00bb de cliquer sur \u00ab\u00a0remplir et signer\u00a0\u00bb le document, cela vous permettra de remplir les documents de mani\u00e8re d\u00e9mat\u00e9rialis\u00e9e et de nous les renvoyer par mail ou si vous le souhaitez, le d\u00e9poser au Goutatou (boite aux lettres ou bureau de la direction).<\/p>\n\n\n\n<p>L&rsquo;inscription aux activit\u00e9s extrascolaires du soir (baby gym, baby judo, etc.)  sera valid\u00e9e par mail sous r\u00e9serve d&rsquo;un dossier complet<\/p>\n\n\n\n<p><strong>ATTENTION IL N&rsquo;Y AURA PAS D&rsquo;ACCUEIL PERISCOLAIRE LE MATIN DU 01 SEPTEMBRE<\/strong><\/p>\n\n\n\n<div class=\"wp-block-file\"><object class=\"wp-block-file__embed\" data=\"https:\/\/www.goutatou.fr\/wp-content\/uploads\/2025\/07\/1-Liste-des-documents-a-fournir-2025-2026-2.pdf\" type=\"application\/pdf\" style=\"width:100%;height:600px\" aria-label=\"Contenu embarqu\u00e9 1-Liste-des-documents-a-fournir-2025-2026-2.\"><\/object><a href=\"https:\/\/www.goutatou.fr\/wp-content\/uploads\/2025\/07\/1-Liste-des-documents-a-fournir-2025-2026-2.pdf\">1-Liste-des-documents-a-fournir-2025-2026-2<\/a><a href=\"https:\/\/www.goutatou.fr\/wp-content\/uploads\/2025\/07\/1-Liste-des-documents-a-fournir-2025-2026-2.pdf\" class=\"wp-block-file__button\" download>T\u00e9l\u00e9charger<\/a><\/div>\n\n\n\n<div class=\"wp-block-file\"><object class=\"wp-block-file__embed\" data=\"https:\/\/www.goutatou.fr\/wp-content\/uploads\/2025\/07\/2-Fiche-famille-2025-2026.pdf\" type=\"application\/pdf\" style=\"width:100%;height:600px\" aria-label=\"Contenu embarqu\u00e9 2-Fiche-famille-2025-2026.\"><\/object><a href=\"https:\/\/www.goutatou.fr\/wp-content\/uploads\/2025\/07\/2-Fiche-famille-2025-2026.pdf\">2-Fiche-famille-2025-2026<\/a><a href=\"https:\/\/www.goutatou.fr\/wp-content\/uploads\/2025\/07\/2-Fiche-famille-2025-2026.pdf\" class=\"wp-block-file__button\" download>T\u00e9l\u00e9charger<\/a><\/div>\n\n\n\n<div class=\"wp-block-file\"><object class=\"wp-block-file__embed\" data=\"https:\/\/www.goutatou.fr\/wp-content\/uploads\/2025\/07\/3-Fiche-sanitaire-liaison-2025-2026.pdf\" type=\"application\/pdf\" style=\"width:100%;height:600px\" aria-label=\"Contenu embarqu\u00e9 3-Fiche-sanitaire-liaison-2025-2026.\"><\/object><a href=\"https:\/\/www.goutatou.fr\/wp-content\/uploads\/2025\/07\/3-Fiche-sanitaire-liaison-2025-2026.pdf\">3-Fiche-sanitaire-liaison-2025-2026<\/a><a href=\"https:\/\/www.goutatou.fr\/wp-content\/uploads\/2025\/07\/3-Fiche-sanitaire-liaison-2025-2026.pdf\" class=\"wp-block-file__button\" download>T\u00e9l\u00e9charger<\/a><\/div>\n\n\n\n<div class=\"wp-block-file\"><object class=\"wp-block-file__embed\" data=\"https:\/\/www.goutatou.fr\/wp-content\/uploads\/2025\/07\/5-Fiche-dinscription-annuelle-2025-2026.pdf\" type=\"application\/pdf\" style=\"width:100%;height:600px\" aria-label=\"Contenu embarqu\u00e9 5-Fiche-dinscription-annuelle-2025-2026.\"><\/object><a href=\"https:\/\/www.goutatou.fr\/wp-content\/uploads\/2025\/07\/5-Fiche-dinscription-annuelle-2025-2026.pdf\">5-Fiche-dinscription-annuelle-2025-2026<\/a><a href=\"https:\/\/www.goutatou.fr\/wp-content\/uploads\/2025\/07\/5-Fiche-dinscription-annuelle-2025-2026.pdf\" class=\"wp-block-file__button\" download>T\u00e9l\u00e9charger<\/a><\/div>\n\n\n\n<div class=\"wp-block-file\"><object class=\"wp-block-file__embed\" data=\"https:\/\/www.goutatou.fr\/wp-content\/uploads\/2026\/01\/6-Reglement-interieur-2025-2026.pdf\" type=\"application\/pdf\" style=\"width:100%;height:600px\" aria-label=\"Contenu embarqu\u00e9 6-Reglement-interieur-2025-2026.\"><\/object><a href=\"https:\/\/www.goutatou.fr\/wp-content\/uploads\/2026\/01\/6-Reglement-interieur-2025-2026.pdf\">6-Reglement-interieur-2025-2026<\/a><a href=\"https:\/\/www.goutatou.fr\/wp-content\/uploads\/2026\/01\/6-Reglement-interieur-2025-2026.pdf\" class=\"wp-block-file__button\" download>T\u00e9l\u00e9charger<\/a><\/div>\n\n\n\n<div class=\"wp-block-file\"><object class=\"wp-block-file__embed\" data=\"https:\/\/www.goutatou.fr\/wp-content\/uploads\/2025\/07\/7-Mandat-SEPA.pdf\" type=\"application\/pdf\" style=\"width:100%;height:600px\" aria-label=\"Contenu embarqu\u00e9 7-Mandat-SEPA.\"><\/object><a href=\"https:\/\/www.goutatou.fr\/wp-content\/uploads\/2025\/07\/7-Mandat-SEPA.pdf\">7-Mandat-SEPA<\/a><a href=\"https:\/\/www.goutatou.fr\/wp-content\/uploads\/2025\/07\/7-Mandat-SEPA.pdf\" class=\"wp-block-file__button\" download>T\u00e9l\u00e9charger<\/a><\/div>\n\n\n\n<figure class=\"wp-block-image size-full\"><img loading=\"lazy\" width=\"1240\" height=\"1754\" src=\"https:\/\/www.goutatou.fr\/wp-content\/uploads\/2025\/07\/4-Activites-extrascolaires-2025-2026-1.jpg\" alt=\"\" class=\"wp-image-1187\"\/><\/figure>\n","protected":false},"excerpt":{"rendered":"<p>Chers parents, Le dossier d\u2019inscription pour l\u2019ann\u00e9e scolaire 2025-2026 est disponible : Il est \u00e9galement disponible sur place ou bien par mail sur demande. Attention : les documents pris en photo ne seront plus accept\u00e9s Tous les \u00e9l\u00e9ments du dossier<\/p>\n","protected":false},"author":1,"featured_media":0,"parent":0,"menu_order":0,"comment_status":"closed","ping_status":"closed","template":"","meta":[],"_links":{"self":[{"href":"https:\/\/www.goutatou.fr\/index.php\/wp-json\/wp\/v2\/pages\/6"}],"collection":[{"href":"https:\/\/www.goutatou.fr\/index.php\/wp-json\/wp\/v2\/pages"}],"about":[{"href":"https:\/\/www.goutatou.fr\/index.php\/wp-json\/wp\/v2\/types\/page"}],"author":[{"embeddable":true,"href":"https:\/\/www.goutatou.fr\/index.php\/wp-json\/wp\/v2\/users\/1"}],"replies":[{"embeddable":true,"href":"https:\/\/www.goutatou.fr\/index.php\/wp-json\/wp\/v2\/comments?post=6"}],"version-history":[{"count":33,"href":"https:\/\/www.goutatou.fr\/index.php\/wp-json\/wp\/v2\/pages\/6\/revisions"}],"predecessor-version":[{"id":1304,"href":"https:\/\/www.goutatou.fr\/index.php\/wp-json\/wp\/v2\/pages\/6\/revisions\/1304"}],"wp:attachment":[{"href":"https:\/\/www.goutatou.fr\/index.php\/wp-json\/wp\/v2\/media?parent=6"}],"curies":[{"name":"wp","href":"https:\/\/api.w.org\/{rel}","templated":true}]}}