{"id":71,"date":"2021-08-31T12:37:46","date_gmt":"2021-08-31T10:37:46","guid":{"rendered":"http:\/\/37.187.180.17\/?page_id=71"},"modified":"2026-04-29T13:19:23","modified_gmt":"2026-04-29T11:19:23","slug":"menus-scolaire","status":"publish","type":"page","link":"https:\/\/www.goutatou.fr\/index.php\/menus-scolaire\/","title":{"rendered":"Menus propos\u00e9s au Goutatou"},"content":{"rendered":"\n<p class=\"has-text-align-center\"><strong>APPLICATIONS ME&amp;MYSELF ET APP&rsquo;TABLE NON FONCTIONNELLE ACTUELLEMENT<\/strong> <\/p>\n\n\n\n<figure class=\"wp-block-image size-full\"><img loading=\"lazy\" width=\"1754\" height=\"1240\" src=\"https:\/\/www.goutatou.fr\/wp-content\/uploads\/2026\/04\/Menus-Scolaire-S18-2026_page-0001.jpg\" alt=\"\" class=\"wp-image-1374\"\/><\/figure>\n\n\n\n<figure class=\"wp-block-image size-full\"><img loading=\"lazy\" width=\"1754\" height=\"1240\" src=\"https:\/\/www.goutatou.fr\/wp-content\/uploads\/2026\/04\/Menus-Scolaire-4-au-8-MAI-.jpg\" alt=\"\" class=\"wp-image-1375\"\/><\/figure>\n\n\n\n<figure class=\"wp-block-image size-full\"><img loading=\"lazy\" width=\"1754\" height=\"1240\" src=\"https:\/\/www.goutatou.fr\/wp-content\/uploads\/2026\/04\/Menus-Scolaire-11-ai-15-MAI-2026.jpg\" alt=\"\" class=\"wp-image-1376\"\/><\/figure>\n\n\n\n<figure class=\"wp-block-image size-full\"><img loading=\"lazy\" width=\"1754\" height=\"1240\" src=\"https:\/\/www.goutatou.fr\/wp-content\/uploads\/2026\/04\/Menus-Scolaire-18-au-22-MAI-.jpg\" alt=\"\" class=\"wp-image-1377\"\/><\/figure>\n\n\n\n<figure class=\"wp-block-image size-full\"><img loading=\"lazy\" width=\"1754\" height=\"1240\" src=\"https:\/\/www.goutatou.fr\/wp-content\/uploads\/2026\/04\/Menus-Scolaire-25-au-29-MAI-.jpg\" alt=\"\" class=\"wp-image-1378\"\/><\/figure>\n\n\n\n<p><strong>Pour acc\u00e9der \u00e0 ces informations :<\/strong><\/p>\n\n\n\n<ul><li>T\u00e9l\u00e9chargez&nbsp;<strong>l\u2019application Me &amp; Myself<\/strong>&nbsp;sur votre smartphone, ou rendez-vous sur le site :&nbsp;<a href=\"http:\/\/meandmyself.alsaciennederestauration.fr\/\">meandmyself.alsaciennederestauration.fr<\/a><\/li><li>Cr\u00e9ez votre compte en indiquant votre adresse mail et un mot de passe.<\/li><li>S\u00e9lectionnez la ville, le nom de l\u2019\u00e9tablissement, le niveau scolaire et le pr\u00e9nom de votre enfant.<\/li><li>Une fois votre profil cr\u00e9\u00e9, vous aurez acc\u00e8s \u00e0 toutes les informations concernant la restauration scolaire.<\/li><\/ul>\n\n\n\n<p><\/p>\n","protected":false},"excerpt":{"rendered":"<p>APPLICATIONS ME&amp;MYSELF ET APP&rsquo;TABLE NON FONCTIONNELLE ACTUELLEMENT Pour acc\u00e9der \u00e0 ces informations : T\u00e9l\u00e9chargez&nbsp;l\u2019application Me &amp; Myself&nbsp;sur votre smartphone, ou rendez-vous sur le site :&nbsp;meandmyself.alsaciennederestauration.fr Cr\u00e9ez votre compte en indiquant votre adresse mail et un mot de passe. S\u00e9lectionnez la<\/p>\n","protected":false},"author":1,"featured_media":0,"parent":0,"menu_order":0,"comment_status":"closed","ping_status":"closed","template":"","meta":[],"_links":{"self":[{"href":"https:\/\/www.goutatou.fr\/index.php\/wp-json\/wp\/v2\/pages\/71"}],"collection":[{"href":"https:\/\/www.goutatou.fr\/index.php\/wp-json\/wp\/v2\/pages"}],"about":[{"href":"https:\/\/www.goutatou.fr\/index.php\/wp-json\/wp\/v2\/types\/page"}],"author":[{"embeddable":true,"href":"https:\/\/www.goutatou.fr\/index.php\/wp-json\/wp\/v2\/users\/1"}],"replies":[{"embeddable":true,"href":"https:\/\/www.goutatou.fr\/index.php\/wp-json\/wp\/v2\/comments?post=71"}],"version-history":[{"count":51,"href":"https:\/\/www.goutatou.fr\/index.php\/wp-json\/wp\/v2\/pages\/71\/revisions"}],"predecessor-version":[{"id":1379,"href":"https:\/\/www.goutatou.fr\/index.php\/wp-json\/wp\/v2\/pages\/71\/revisions\/1379"}],"wp:attachment":[{"href":"https:\/\/www.goutatou.fr\/index.php\/wp-json\/wp\/v2\/media?parent=71"}],"curies":[{"name":"wp","href":"https:\/\/api.w.org\/{rel}","templated":true}]}}