{"id":8,"date":"2025-02-20T07:30:00","date_gmt":"2025-02-20T06:30:00","guid":{"rendered":"http:\/\/vps-e888445d.vps.ovh.net\/wordpress\/?page_id=8"},"modified":"2026-02-20T11:52:55","modified_gmt":"2026-02-20T10:52:55","slug":"projetdelastructure","status":"publish","type":"page","link":"https:\/\/www.goutatou.fr\/index.php\/projetdelastructure\/","title":{"rendered":"Projets de la structure"},"content":{"rendered":"\n<p><strong>\ud83c\udf6b TOUT CHOCOLAT EST DE RETOUR ! \ud83c\udf6b<\/strong><\/p>\n\n\n\n<p>Chers parents,<\/p>\n\n\n\n<p>Cette ann\u00e9e encore, nous comptons sur vous pour allier gourmandise et bonne action ! En passant commande, vous contribuerez directement \u00e0 financer du mat\u00e9riel p\u00e9dagogique et sportif pour vos enfants. Bref, du chocolat qui fait plaisir\u2026 et qui sert \u00e0 la vie de votre enfant au Goutatou.<\/p>\n\n\n\n<h3>\ud83d\udcc5 Les dates \u00e0 retenir :<\/h3>\n\n\n\n<p>\ud83d\udccc <strong>Date limite pour commander :<\/strong> <strong>JEUDI 05 <\/strong>\ud835\udde0\ud835\uddd4\ud835\udde5\ud835\udde6<br>\ud83d\udccc <strong>Livraison des chocolats :<\/strong> \ud835\udc12\ud835\udc04\ud835\udc0c\ud835\udc00\ud835\udc08\ud835\udc0d\ud835\udc04 \ud835\udc03\ud835\udc14 \ud835\udfef\ud835\udfec \ud835\udde0\ud835\uddd4\ud835\udde5\ud835\udde6 <br>\ud83d\udccc <strong>Paiement \u00e0 la commande<\/strong> <strong>ou en ligne ci-dessous<\/strong><\/p>\n\n\n\n<p><a href=\"https:\/\/www.helloasso.com\/associations\/centre-de-loisirs-goutatou\/evenements\/operation-tout-chocolat-de-paques\">https:\/\/www.helloasso.com\/associations\/centre-de-loisirs-goutatou\/evenements\/operation-tout-chocolat-de-paques<\/a><\/p>\n\n\n\n<p><strong>Pas besoin de courir cacher les chocolats \u00e0 la derni\u00e8re minute<\/strong> : tout sera livr\u00e9 <strong>la semaine du 30 mars<\/strong>, juste \u00e0 temps pour pr\u00e9parer P\u00e2ques sans stress. Qui a dit que l\u2019organisation n\u2019\u00e9tait pas un super-pouvoir ?<\/p>\n\n\n\n<h3>\ud83c\udf89 CHALLENGE SP\u00c9CIAL !<\/h3>\n\n\n\n<p>Envie d\u2019un d\u00e9fi en plus ? La plus grosse commande remportera <strong>un \u0153uf croustillant garni de 13 cm<\/strong>, <strong>personnalis\u00e9<\/strong>, d\u2019une valeur de <strong>25,80 \u20ac<\/strong>. De quoi vous faire fondre de plaisir !<\/p>\n\n\n\n<p> Comment commander ?<\/p>\n\n\n\n<ul><li>Consultez notre <strong>catalogue et bon de commande (jpeg ou pdf) ci dessous<\/strong><\/li><li>Envoyez-nous votre bon compl\u00e9t\u00e9 <strong>par mail<\/strong> \u00e0 <strong><a>goutatou@orange.fr<\/a><\/strong> ou <strong>d\u00e9posez-le directement au Goutatou<\/strong>.<\/li><\/ul>\n\n\n\n<p>\ud83d\udde3 <strong>Parlez-en autour de vous !<\/strong> Plus on est de gourmands, plus on rit\u2026 et plus on contribue aux diff\u00e9rents projets du Goutatou.<\/p>\n\n\n\n<p>\u00c0 bient\u00f4t pour une avalanche de chocolat !<\/p>\n\n\n\n<figure class=\"wp-block-image size-full\"><img loading=\"lazy\" width=\"1587\" height=\"2245\" src=\"https:\/\/www.goutatou.fr\/wp-content\/uploads\/2026\/02\/Pastel-Whimsical-Illustrated-Easter-Egg-Hunt-Event-Poster-4-1.png\" alt=\"\" class=\"wp-image-1352\"\/><\/figure>\n\n\n\n<figure class=\"wp-block-image size-large\"><img loading=\"lazy\" width=\"1152\" height=\"1477\" src=\"https:\/\/www.goutatou.fr\/wp-content\/uploads\/2026\/02\/catalogue-paques-2026_pages-to-jpg-0001-1.jpg\" alt=\"\" class=\"wp-image-1340\"\/><\/figure>\n\n\n\n<figure class=\"wp-block-image size-large\"><img loading=\"lazy\" width=\"2304\" height=\"1477\" src=\"https:\/\/www.goutatou.fr\/wp-content\/uploads\/2026\/02\/catalogue-paques-2026_pages-to-jpg-0002-1.jpg\" alt=\"\" class=\"wp-image-1341\"\/><\/figure>\n\n\n\n<figure class=\"wp-block-image size-large\"><img loading=\"lazy\" width=\"2304\" height=\"1477\" src=\"https:\/\/www.goutatou.fr\/wp-content\/uploads\/2026\/02\/catalogue-paques-2026_pages-to-jpg-0003-1.jpg\" alt=\"\" class=\"wp-image-1342\"\/><\/figure>\n\n\n\n<figure class=\"wp-block-image size-large\"><img loading=\"lazy\" width=\"2304\" height=\"1477\" src=\"https:\/\/www.goutatou.fr\/wp-content\/uploads\/2026\/02\/catalogue-paques-2026_pages-to-jpg-0004-1.jpg\" alt=\"\" class=\"wp-image-1343\"\/><\/figure>\n\n\n\n<figure class=\"wp-block-image size-large\"><img loading=\"lazy\" width=\"2304\" height=\"1477\" src=\"https:\/\/www.goutatou.fr\/wp-content\/uploads\/2026\/02\/catalogue-paques-2026_pages-to-jpg-0005-1.jpg\" alt=\"\" class=\"wp-image-1344\"\/><\/figure>\n\n\n\n<figure class=\"wp-block-image size-large\"><img loading=\"lazy\" width=\"2304\" height=\"1477\" src=\"https:\/\/www.goutatou.fr\/wp-content\/uploads\/2026\/02\/catalogue-paques-2026_pages-to-jpg-0006-1.jpg\" alt=\"\" class=\"wp-image-1345\"\/><\/figure>\n\n\n\n<figure class=\"wp-block-image size-large\"><img loading=\"lazy\" width=\"1152\" height=\"1477\" src=\"https:\/\/www.goutatou.fr\/wp-content\/uploads\/2026\/02\/catalogue-paques-2026_pages-to-jpg-0007-1.jpg\" alt=\"\" class=\"wp-image-1346\"\/><\/figure>\n\n\n\n<div class=\"wp-block-file\"><object class=\"wp-block-file__embed\" data=\"https:\/\/www.goutatou.fr\/wp-content\/uploads\/2026\/02\/catalogue-paques-2026_compressed.pdf\" type=\"application\/pdf\" style=\"width:100%;height:600px\" aria-label=\"Contenu embarqu\u00e9 catalogue-paques-2026_compressed.\"><\/object><a href=\"https:\/\/www.goutatou.fr\/wp-content\/uploads\/2026\/02\/catalogue-paques-2026_compressed.pdf\">catalogue-paques-2026_compressed<\/a><a href=\"https:\/\/www.goutatou.fr\/wp-content\/uploads\/2026\/02\/catalogue-paques-2026_compressed.pdf\" class=\"wp-block-file__button\" download>T\u00e9l\u00e9charger<\/a><\/div>\n\n\n\n<figure class=\"wp-block-gallery columns-1 is-cropped\"><ul class=\"blocks-gallery-grid\"><li class=\"blocks-gallery-item\"><figure><img loading=\"lazy\" width=\"1170\" height=\"1477\" src=\"https:\/\/www.goutatou.fr\/wp-content\/uploads\/2026\/02\/578c6e1a-db7c-4f88-a408-743207262f12-_1_.jpg\" alt=\"\" data-id=\"1347\" data-full-url=\"https:\/\/www.goutatou.fr\/wp-content\/uploads\/2026\/02\/578c6e1a-db7c-4f88-a408-743207262f12-_1_.jpg\" data-link=\"https:\/\/www.goutatou.fr\/index.php\/projetdelastructure\/578c6e1a-db7c-4f88-a408-743207262f12-_1_\/\" class=\"wp-image-1347\"\/><\/figure><\/li><\/ul><\/figure>\n\n\n\n<div class=\"wp-block-file\"><object class=\"wp-block-file__embed\" data=\"https:\/\/www.goutatou.fr\/wp-content\/uploads\/2026\/02\/Bon-de-commande-paques-2026.pdf\" type=\"application\/pdf\" style=\"width:100%;height:600px\" aria-label=\"Contenu embarqu\u00e9 Bon-de-commande-paques-2026.\"><\/object><a href=\"https:\/\/www.goutatou.fr\/wp-content\/uploads\/2026\/02\/Bon-de-commande-paques-2026.pdf\">Bon-de-commande-paques-2026<\/a><a href=\"https:\/\/www.goutatou.fr\/wp-content\/uploads\/2026\/02\/Bon-de-commande-paques-2026.pdf\" class=\"wp-block-file__button\" download>T\u00e9l\u00e9charger<\/a><\/div>\n","protected":false},"excerpt":{"rendered":"<p>\ud83c\udf6b TOUT CHOCOLAT EST DE RETOUR ! \ud83c\udf6b Chers parents, Cette ann\u00e9e encore, nous comptons sur vous pour allier gourmandise et bonne action ! En passant commande, vous contribuerez directement \u00e0 financer du mat\u00e9riel p\u00e9dagogique et sportif pour vos enfants.<\/p>\n","protected":false},"author":1,"featured_media":0,"parent":0,"menu_order":0,"comment_status":"closed","ping_status":"closed","template":"page-templates\/contact.php","meta":[],"_links":{"self":[{"href":"https:\/\/www.goutatou.fr\/index.php\/wp-json\/wp\/v2\/pages\/8"}],"collection":[{"href":"https:\/\/www.goutatou.fr\/index.php\/wp-json\/wp\/v2\/pages"}],"about":[{"href":"https:\/\/www.goutatou.fr\/index.php\/wp-json\/wp\/v2\/types\/page"}],"author":[{"embeddable":true,"href":"https:\/\/www.goutatou.fr\/index.php\/wp-json\/wp\/v2\/users\/1"}],"replies":[{"embeddable":true,"href":"https:\/\/www.goutatou.fr\/index.php\/wp-json\/wp\/v2\/comments?post=8"}],"version-history":[{"count":57,"href":"https:\/\/www.goutatou.fr\/index.php\/wp-json\/wp\/v2\/pages\/8\/revisions"}],"predecessor-version":[{"id":1355,"href":"https:\/\/www.goutatou.fr\/index.php\/wp-json\/wp\/v2\/pages\/8\/revisions\/1355"}],"wp:attachment":[{"href":"https:\/\/www.goutatou.fr\/index.php\/wp-json\/wp\/v2\/media?parent=8"}],"curies":[{"name":"wp","href":"https:\/\/api.w.org\/{rel}","templated":true}]}}